{"id":839,"date":"2021-07-13T10:26:28","date_gmt":"2021-07-13T08:26:28","guid":{"rendered":"http:\/\/thespis.fr\/?page_id=839"},"modified":"2021-10-22T12:15:32","modified_gmt":"2021-10-22T10:15:32","slug":"le-diamant-noir-chateau-de-santenay","status":"publish","type":"page","link":"https:\/\/thespis.fr\/index.php\/le-diamant-noir-chateau-de-santenay\/","title":{"rendered":"Le Diamant Noir &#8211; Ch\u00e2teau de Santenay"},"content":{"rendered":"\t\t<div data-elementor-type=\"wp-page\" data-elementor-id=\"839\" class=\"elementor elementor-839\">\n\t\t\t\t\t\t<section class=\"elementor-section elementor-top-section elementor-element elementor-element-7538c25 elementor-section-boxed elementor-section-height-default elementor-section-height-default\" data-id=\"7538c25\" data-element_type=\"section\" data-e-type=\"section\">\n\t\t\t\t\t\t<div class=\"elementor-container elementor-column-gap-default\">\n\t\t\t\t\t<div class=\"elementor-column elementor-col-100 elementor-top-column elementor-element elementor-element-7286584\" data-id=\"7286584\" data-element_type=\"column\" data-e-type=\"column\">\n\t\t\t<div class=\"elementor-widget-wrap elementor-element-populated\">\n\t\t\t\t\t\t<div class=\"elementor-element elementor-element-3efe968 elementor-widget elementor-widget-image\" data-id=\"3efe968\" data-element_type=\"widget\" data-e-type=\"widget\" data-widget_type=\"image.default\">\n\t\t\t\t<div class=\"elementor-widget-container\">\n\t\t\t\t\t\t\t\t\t\t\t\t\t\t\t<img fetchpriority=\"high\" decoding=\"async\" width=\"296\" height=\"300\" src=\"https:\/\/thespis.fr\/wp-content\/uploads\/2021\/07\/LEADER-GHOSTS-Logo-296x300.png\" class=\"attachment-medium size-medium wp-image-865\" alt=\"\" srcset=\"https:\/\/thespis.fr\/wp-content\/uploads\/2021\/07\/LEADER-GHOSTS-Logo-296x300.png 296w, https:\/\/thespis.fr\/wp-content\/uploads\/2021\/07\/LEADER-GHOSTS-Logo-1010x1024.png 1010w, https:\/\/thespis.fr\/wp-content\/uploads\/2021\/07\/LEADER-GHOSTS-Logo-768x778.png 768w, https:\/\/thespis.fr\/wp-content\/uploads\/2021\/07\/LEADER-GHOSTS-Logo-1515x1536.png 1515w, https:\/\/thespis.fr\/wp-content\/uploads\/2021\/07\/LEADER-GHOSTS-Logo-1400x1419.png 1400w, https:\/\/thespis.fr\/wp-content\/uploads\/2021\/07\/LEADER-GHOSTS-Logo-800x811.png 800w, https:\/\/thespis.fr\/wp-content\/uploads\/2021\/07\/LEADER-GHOSTS-Logo.png 1544w\" sizes=\"(max-width: 296px) 100vw, 296px\" \/>\t\t\t\t\t\t\t\t\t\t\t\t\t\t\t<\/div>\n\t\t\t\t<\/div>\n\t\t\t\t\t<\/div>\n\t\t<\/div>\n\t\t\t\t\t<\/div>\n\t\t<\/section>\n\t\t\t\t<section class=\"elementor-section elementor-top-section elementor-element elementor-element-e5afde3 elementor-section-boxed elementor-section-height-default elementor-section-height-default\" data-id=\"e5afde3\" data-element_type=\"section\" data-e-type=\"section\">\n\t\t\t\t\t\t<div class=\"elementor-container elementor-column-gap-default\">\n\t\t\t\t\t<div class=\"elementor-column elementor-col-100 elementor-top-column elementor-element elementor-element-18d1cdc\" data-id=\"18d1cdc\" data-element_type=\"column\" data-e-type=\"column\">\n\t\t\t<div class=\"elementor-widget-wrap elementor-element-populated\">\n\t\t\t\t\t\t<div class=\"elementor-element elementor-element-36fce19 elementor-widget elementor-widget-image\" data-id=\"36fce19\" data-element_type=\"widget\" data-e-type=\"widget\" data-widget_type=\"image.default\">\n\t\t\t\t<div class=\"elementor-widget-container\">\n\t\t\t\t\t\t\t\t\t\t\t\t\t\t\t<img decoding=\"async\" width=\"768\" height=\"512\" src=\"https:\/\/thespis.fr\/wp-content\/uploads\/2020\/05\/shake-768x512.jpg\" class=\"attachment-medium_large size-medium_large wp-image-381\" alt=\"\" srcset=\"https:\/\/thespis.fr\/wp-content\/uploads\/2020\/05\/shake-768x512.jpg 768w, https:\/\/thespis.fr\/wp-content\/uploads\/2020\/05\/shake-300x200.jpg 300w, https:\/\/thespis.fr\/wp-content\/uploads\/2020\/05\/shake-800x533.jpg 800w, https:\/\/thespis.fr\/wp-content\/uploads\/2020\/05\/shake.jpg 960w\" sizes=\"(max-width: 768px) 100vw, 768px\" \/>\t\t\t\t\t\t\t\t\t\t\t\t\t\t\t<\/div>\n\t\t\t\t<\/div>\n\t\t\t\t\t<\/div>\n\t\t<\/div>\n\t\t\t\t\t<\/div>\n\t\t<\/section>\n\t\t\t\t<section class=\"elementor-section elementor-top-section elementor-element elementor-element-2c90cd4 elementor-section-boxed elementor-section-height-default elementor-section-height-default\" data-id=\"2c90cd4\" data-element_type=\"section\" data-e-type=\"section\">\n\t\t\t\t\t\t<div class=\"elementor-container elementor-column-gap-default\">\n\t\t\t\t\t<div class=\"elementor-column elementor-col-100 elementor-top-column elementor-element elementor-element-93c95fc\" data-id=\"93c95fc\" data-element_type=\"column\" data-e-type=\"column\">\n\t\t\t<div class=\"elementor-widget-wrap elementor-element-populated\">\n\t\t\t\t\t\t<div class=\"elementor-element elementor-element-43c39bf elementor-widget elementor-widget-text-editor\" data-id=\"43c39bf\" data-element_type=\"widget\" data-e-type=\"widget\" data-widget_type=\"text-editor.default\">\n\t\t\t\t<div class=\"elementor-widget-container\">\n\t\t\t\t\t\t\t\t\t<p dir=\"ltr\" style=\"line-height: 1.2; text-align: justify; margin-top: 0pt; margin-bottom: 0pt;\"><span style=\"font-size: 11pt; font-family: Calibri, sans-serif; color: #ffffff; background-color: transparent; font-weight: 400; font-style: normal; font-variant: normal; text-decoration: none; vertical-align: baseline; white-space: pre-wrap;\">La compagnie Thespis investit le Ch\u00e2teau Philippe le Hardi \u00e0 Santenay et vous embarque pour une exp\u00e9rience unique et d\u00e9concertante. Immergez dans la v\u00e9ritable histoire d\u2019amour tragique de la famille de Dr\u00e9e qui s&rsquo;est d\u00e9roul\u00e9e au ch\u00e2teau dans les ann\u00e9es 1920, teint\u00e9e des c\u00e9l\u00e8bres amants maudits Rom\u00e9o et Juliette de Shakespeare.<\/span><\/p><p dir=\"ltr\" style=\"line-height: 1.2; text-align: justify; margin-top: 0pt; margin-bottom: 0pt;\"><span style=\"font-size: 11pt; font-family: Calibri, sans-serif; color: #ffffff; background-color: transparent; font-weight: 400; font-style: normal; font-variant: normal; text-decoration: none; vertical-align: baseline; white-space: pre-wrap;\">\u00a0<\/span><\/p><p dir=\"ltr\" style=\"line-height: 1.2; text-align: justify; margin-top: 0pt; margin-bottom: 0pt;\"><span style=\"font-size: 11pt; font-family: Calibri, sans-serif; color: #ffffff; background-color: transparent; font-weight: 400; font-style: normal; font-variant: normal; text-decoration: none; vertical-align: baseline; white-space: pre-wrap;\">Munis d\u2019un masque,\u00a0vous serez les t\u00e9moins indiscrets et anonymes de sayn\u00e8tes sans paroles capt\u00e9es sur le vif, au plus proche des personnages. Vous\u00a0pourrez m\u00eame \u00eatre convi\u00e9s par l\u2019un d\u2019eux \u00e0 vivre un moment inattendu avec lui. Mais attention,\u00a0le silence est de rigueur durant toute l\u2019exp\u00e9rience\u00a0!\u00a0D\u00e9ambulez librement\u00a0dans tous les espaces du ch\u00e2teau, devenu pour l\u2019occasion un lieu d\u2019une autre \u00e9poque teint\u00e9 d\u2019une inqui\u00e9tante \u00e9tranget\u00e9.\u00a0<\/span><\/p><p dir=\"ltr\" style=\"line-height: 1.2; text-align: justify; margin-top: 0pt; margin-bottom: 0pt;\"><span style=\"font-size: 11pt; font-family: Calibri, sans-serif; color: #ffffff; background-color: transparent; font-weight: 400; font-style: normal; font-variant: normal; text-decoration: none; vertical-align: baseline; white-space: pre-wrap;\">\u00a0<\/span><\/p><p dir=\"ltr\" style=\"line-height: 1.295; text-align: justify; margin-top: 0pt; margin-bottom: 4pt;\"><span style=\"font-size: 11pt; font-family: Calibri, sans-serif; color: #ffffff; background-color: transparent; font-weight: 400; font-style: normal; font-variant: normal; text-decoration: none; vertical-align: baseline; white-space: pre-wrap;\">Pour seuls guides, vos sens et votre intuition ! A vous d\u2019aller et venir \u00e0 votre rythme,\u00a0de cr\u00e9er votre propre parcours, votre propre histoire,\u00a0\u00e0 vous de suivre tel ou tel personnage, d\u2019observer telle ou telle sc\u00e8ne, d\u2019explorer les espaces, d\u2019interagir avec les d\u00e9cors selon vos envies. Vous ne pourrez pas tout voir, il faudra faire des choix !\u00a0<\/span><\/p><p dir=\"ltr\" style=\"line-height: 1.295; text-align: justify; margin-top: 0pt; margin-bottom: 4pt;\"><strong><span style=\"font-size: 11pt; font-family: Calibri, sans-serif; color: #ffffff; background-color: transparent; font-style: normal; font-variant: normal; text-decoration: none; vertical-align: baseline; white-space: pre-wrap;\">SPECTACLE \u00c0 PARTIR DE 12 ANS.<\/span><\/strong><\/p><p dir=\"ltr\" style=\"line-height: 1.295; text-align: justify; margin-top: 0pt; margin-bottom: 4pt;\"><strong><span style=\"font-size: 11pt; font-family: Calibri, sans-serif; color: #ffffff; background-color: transparent; font-style: normal; font-variant: normal; text-decoration: none; vertical-align: baseline; white-space: pre-wrap;\">Dur\u00e9e : 1h15<\/span><\/strong><\/p><p dir=\"ltr\" style=\"line-height: 1.295; text-align: justify; margin-top: 0pt; margin-bottom: 4pt;\"><strong><span style=\"font-size: 11pt; font-family: Calibri, sans-serif; color: #ffffff; background-color: transparent; font-style: normal; font-variant: normal; text-decoration: none; vertical-align: baseline; white-space: pre-wrap;\">Samedi 30 octobre 2021 \u00e0 19h00 &#8211; Dimanche 31 octobre \u00e0 18h00<\/span><\/strong><\/p><p dir=\"ltr\" style=\"line-height: 1.295; text-align: justify; margin-top: 0pt; margin-bottom: 4pt;\"><strong><span style=\"font-size: 11pt; font-family: Calibri, sans-serif; color: #ffffff; background-color: transparent; font-style: normal; font-variant: normal; text-decoration: none; vertical-align: baseline; white-space: pre-wrap;\">D\u00e9gustation offerte 30 minutes avant la repr\u00e9sentation au ch\u00e2teau. Uniquement sur r\u00e9servation aupr\u00e8s du ch\u00e2teau \/ 06 79 16 02 63 &#8211; www.philippelehardi.com<br \/><\/span><\/strong><\/p>\t\t\t\t\t\t\t\t<\/div>\n\t\t\t\t<\/div>\n\t\t\t\t\t<\/div>\n\t\t<\/div>\n\t\t\t\t\t<\/div>\n\t\t<\/section>\n\t\t\t\t<section class=\"elementor-section elementor-top-section elementor-element elementor-element-d656ff3 elementor-section-boxed elementor-section-height-default elementor-section-height-default\" data-id=\"d656ff3\" data-element_type=\"section\" data-e-type=\"section\">\n\t\t\t\t\t\t<div class=\"elementor-container elementor-column-gap-default\">\n\t\t\t\t\t<div class=\"elementor-column elementor-col-100 elementor-top-column elementor-element elementor-element-b9f6766\" data-id=\"b9f6766\" data-element_type=\"column\" data-e-type=\"column\">\n\t\t\t<div class=\"elementor-widget-wrap elementor-element-populated\">\n\t\t\t\t\t\t<div class=\"elementor-element elementor-element-75810c3 elementor-widget elementor-widget-video\" data-id=\"75810c3\" data-element_type=\"widget\" data-e-type=\"widget\" data-settings=\"{&quot;youtube_url&quot;:&quot;https:\\\/\\\/www.youtube.com\\\/watch?v=zKpZeql3-eI&quot;,&quot;video_type&quot;:&quot;youtube&quot;,&quot;controls&quot;:&quot;yes&quot;}\" data-widget_type=\"video.default\">\n\t\t\t\t<div class=\"elementor-widget-container\">\n\t\t\t\t\t\t\t<div class=\"elementor-wrapper elementor-open-inline\">\n\t\t\t<div class=\"elementor-video\"><\/div>\t\t<\/div>\n\t\t\t\t\t\t<\/div>\n\t\t\t\t<\/div>\n\t\t\t\t\t<\/div>\n\t\t<\/div>\n\t\t\t\t\t<\/div>\n\t\t<\/section>\n\t\t\t\t<section class=\"elementor-section elementor-top-section elementor-element elementor-element-aa90e0d elementor-section-boxed elementor-section-height-default elementor-section-height-default\" data-id=\"aa90e0d\" data-element_type=\"section\" data-e-type=\"section\">\n\t\t\t\t\t\t<div class=\"elementor-container elementor-column-gap-default\">\n\t\t\t\t\t<div class=\"elementor-column elementor-col-100 elementor-top-column elementor-element elementor-element-364b604\" data-id=\"364b604\" data-element_type=\"column\" data-e-type=\"column\">\n\t\t\t<div class=\"elementor-widget-wrap elementor-element-populated\">\n\t\t\t\t\t\t<div class=\"elementor-element elementor-element-3a4ff54 elementor-widget elementor-widget-heading\" data-id=\"3a4ff54\" data-element_type=\"widget\" data-e-type=\"widget\" data-widget_type=\"heading.default\">\n\t\t\t\t<div class=\"elementor-widget-container\">\n\t\t\t\t\t<h2 class=\"elementor-heading-title elementor-size-default\">Achetez vos places <\/h2>\t\t\t\t<\/div>\n\t\t\t\t<\/div>\n\t\t\t\t\t<\/div>\n\t\t<\/div>\n\t\t\t\t\t<\/div>\n\t\t<\/section>\n\t\t\t\t<section class=\"elementor-section elementor-top-section elementor-element elementor-element-03dd79a elementor-section-boxed elementor-section-height-default elementor-section-height-default\" data-id=\"03dd79a\" data-element_type=\"section\" data-e-type=\"section\">\n\t\t\t\t\t\t<div class=\"elementor-container elementor-column-gap-default\">\n\t\t\t\t\t<div class=\"elementor-column elementor-col-100 elementor-top-column elementor-element elementor-element-6b1c3a5\" data-id=\"6b1c3a5\" data-element_type=\"column\" data-e-type=\"column\">\n\t\t\t<div class=\"elementor-widget-wrap elementor-element-populated\">\n\t\t\t\t\t\t<div class=\"elementor-element elementor-element-b0bc7fb elementor-widget elementor-widget-html\" data-id=\"b0bc7fb\" data-element_type=\"widget\" data-e-type=\"widget\" data-widget_type=\"html.default\">\n\t\t\t\t<div class=\"elementor-widget-container\">\n\t\t\t\t\t<iframe id=\"haWidget\" allowtransparency=\"true\" scrolling=\"auto\" src=\"https:\/\/www.helloasso.com\/associations\/chariot-de-thespis\/evenements\/le-diamant-noir-a-santenay\/widget\" style=\"width: 100%; height: 750px; border: none;\" onload=\"window.scroll(0, this.offsetTop)\"><\/iframe>\t\t\t\t<\/div>\n\t\t\t\t<\/div>\n\t\t\t\t\t<\/div>\n\t\t<\/div>\n\t\t\t\t\t<\/div>\n\t\t<\/section>\n\t\t\t\t<section class=\"elementor-section elementor-top-section elementor-element elementor-element-2a238b2 elementor-section-boxed elementor-section-height-default elementor-section-height-default\" data-id=\"2a238b2\" data-element_type=\"section\" data-e-type=\"section\">\n\t\t\t\t\t\t<div class=\"elementor-container elementor-column-gap-default\">\n\t\t\t\t\t<div class=\"elementor-column elementor-col-100 elementor-top-column elementor-element elementor-element-faf83b5\" data-id=\"faf83b5\" data-element_type=\"column\" data-e-type=\"column\">\n\t\t\t<div class=\"elementor-widget-wrap elementor-element-populated\">\n\t\t\t\t\t\t<div class=\"elementor-element elementor-element-3f1467d elementor-widget elementor-widget-text-editor\" data-id=\"3f1467d\" data-element_type=\"widget\" data-e-type=\"widget\" data-widget_type=\"text-editor.default\">\n\t\t\t\t<div class=\"elementor-widget-container\">\n\t\t\t\t\t\t\t\t\t<p style=\"text-align: center;\">Venir en covoiturage avec<span style=\"font-size: 16px; letter-spacing: 0px;\">\u00a0<\/span><\/p><p><a href=\"https:\/\/www.mobicoop.fr\/covoiturages-evenements\/930\/Theatre-immersif-au-Chateau-Philippe-Le-Hardi-de-Santenay\"><img decoding=\"async\" class=\"size-medium wp-image-996 alignnone aligncenter\" src=\"https:\/\/thespis.fr\/wp-content\/uploads\/2021\/10\/mobicoop-300x69.png\" alt=\"\" width=\"300\" height=\"69\" srcset=\"https:\/\/thespis.fr\/wp-content\/uploads\/2021\/10\/mobicoop-300x69.png 300w, https:\/\/thespis.fr\/wp-content\/uploads\/2021\/10\/mobicoop.png 329w\" sizes=\"(max-width: 300px) 100vw, 300px\" \/><\/a><\/p>\t\t\t\t\t\t\t\t<\/div>\n\t\t\t\t<\/div>\n\t\t\t\t\t<\/div>\n\t\t<\/div>\n\t\t\t\t\t<\/div>\n\t\t<\/section>\n\t\t\t\t<section class=\"elementor-section elementor-top-section elementor-element elementor-element-c04ae7c elementor-section-boxed elementor-section-height-default elementor-section-height-default\" data-id=\"c04ae7c\" data-element_type=\"section\" data-e-type=\"section\">\n\t\t\t\t\t\t<div class=\"elementor-container elementor-column-gap-default\">\n\t\t\t\t\t<div class=\"elementor-column elementor-col-100 elementor-top-column elementor-element elementor-element-f1d5e24\" data-id=\"f1d5e24\" data-element_type=\"column\" data-e-type=\"column\">\n\t\t\t<div class=\"elementor-widget-wrap elementor-element-populated\">\n\t\t\t\t\t\t<div class=\"elementor-element elementor-element-e4da07c elementor-widget elementor-widget-image\" data-id=\"e4da07c\" data-element_type=\"widget\" data-e-type=\"widget\" data-widget_type=\"image.default\">\n\t\t\t\t<div class=\"elementor-widget-container\">\n\t\t\t\t\t\t\t\t\t\t\t\t\t\t\t<img loading=\"lazy\" decoding=\"async\" width=\"768\" height=\"138\" src=\"https:\/\/thespis.fr\/wp-content\/uploads\/2021\/07\/bande-logos-2lignes-1-e1627140925650-768x138.jpg\" class=\"attachment-medium_large size-medium_large wp-image-889\" alt=\"\" srcset=\"https:\/\/thespis.fr\/wp-content\/uploads\/2021\/07\/bande-logos-2lignes-1-e1627140925650-768x138.jpg 768w, https:\/\/thespis.fr\/wp-content\/uploads\/2021\/07\/bande-logos-2lignes-1-e1627140925650-300x54.jpg 300w, https:\/\/thespis.fr\/wp-content\/uploads\/2021\/07\/bande-logos-2lignes-1-e1627140925650-1024x184.jpg 1024w, https:\/\/thespis.fr\/wp-content\/uploads\/2021\/07\/bande-logos-2lignes-1-e1627140925650-1536x276.jpg 1536w, https:\/\/thespis.fr\/wp-content\/uploads\/2021\/07\/bande-logos-2lignes-1-e1627140925650-1400x252.jpg 1400w, https:\/\/thespis.fr\/wp-content\/uploads\/2021\/07\/bande-logos-2lignes-1-e1627140925650-800x144.jpg 800w, https:\/\/thespis.fr\/wp-content\/uploads\/2021\/07\/bande-logos-2lignes-1-e1627140925650.jpg 1656w\" sizes=\"(max-width: 768px) 100vw, 768px\" \/>\t\t\t\t\t\t\t\t\t\t\t\t\t\t\t<\/div>\n\t\t\t\t<\/div>\n\t\t\t\t<div class=\"elementor-element elementor-element-dfd30fc elementor-widget elementor-widget-text-editor\" data-id=\"dfd30fc\" data-element_type=\"widget\" data-e-type=\"widget\" data-widget_type=\"text-editor.default\">\n\t\t\t\t<div class=\"elementor-widget-container\">\n\t\t\t\t\t\t\t\t\t<h6 style=\"text-align: center;\"><span style=\"color: #ffffff;\"><a href=\"http:\/\/ec.europa.eu\/agriculture\/rural-development-2014-2020\/index_fr.htm\">http:\/\/ec.europa.eu\/agriculture\/rural-development-2014-2020\/index_fr.htm<\/a> \/\/<a href=\"http:\/\/europe-en-franche-comte.eu\"> http:\/\/europe-en-franche-comte.eu<\/a> \/\/ <a href=\"http:\/\/europe-en-bourgogne.eu\">http:\/\/europe-en-bourgogne.eu<\/a><\/span><\/h6>\t\t\t\t\t\t\t\t<\/div>\n\t\t\t\t<\/div>\n\t\t\t\t<div class=\"elementor-element elementor-element-67f088a elementor-widget elementor-widget-image\" data-id=\"67f088a\" data-element_type=\"widget\" data-e-type=\"widget\" data-widget_type=\"image.default\">\n\t\t\t\t<div class=\"elementor-widget-container\">\n\t\t\t\t\t\t\t\t\t\t\t\t\t\t\t<img loading=\"lazy\" decoding=\"async\" width=\"768\" height=\"135\" src=\"https:\/\/thespis.fr\/wp-content\/uploads\/2021\/07\/bande-logos-2lignes-2-1024x180-1-768x135.jpg\" class=\"attachment-medium_large size-medium_large wp-image-933\" alt=\"\" srcset=\"https:\/\/thespis.fr\/wp-content\/uploads\/2021\/07\/bande-logos-2lignes-2-1024x180-1-768x135.jpg 768w, https:\/\/thespis.fr\/wp-content\/uploads\/2021\/07\/bande-logos-2lignes-2-1024x180-1-300x53.jpg 300w, https:\/\/thespis.fr\/wp-content\/uploads\/2021\/07\/bande-logos-2lignes-2-1024x180-1-800x141.jpg 800w, https:\/\/thespis.fr\/wp-content\/uploads\/2021\/07\/bande-logos-2lignes-2-1024x180-1.jpg 1024w\" sizes=\"(max-width: 768px) 100vw, 768px\" \/>\t\t\t\t\t\t\t\t\t\t\t\t\t\t\t<\/div>\n\t\t\t\t<\/div>\n\t\t\t\t\t<\/div>\n\t\t<\/div>\n\t\t\t\t\t<\/div>\n\t\t<\/section>\n\t\t\t\t<section class=\"elementor-section elementor-top-section elementor-element elementor-element-6f5410b elementor-section-boxed elementor-section-height-default elementor-section-height-default\" data-id=\"6f5410b\" data-element_type=\"section\" data-e-type=\"section\">\n\t\t\t\t\t\t<div class=\"elementor-container elementor-column-gap-default\">\n\t\t\t\t\t<div class=\"elementor-column elementor-col-100 elementor-top-column elementor-element elementor-element-ef4247f\" data-id=\"ef4247f\" data-element_type=\"column\" data-e-type=\"column\">\n\t\t\t<div class=\"elementor-widget-wrap elementor-element-populated\">\n\t\t\t\t\t\t<div class=\"elementor-element elementor-element-d048dea elementor-widget elementor-widget-text-editor\" data-id=\"d048dea\" data-element_type=\"widget\" data-e-type=\"widget\" data-widget_type=\"text-editor.default\">\n\t\t\t\t<div class=\"elementor-widget-container\">\n\t\t\t\t\t\t\t\t\t<h5 dir=\"ltr\"><span style=\"color: #ffffff;\">Projet cr\u00e9\u00e9 et soutenu par le fond europ\u00e9en LEADER, la r\u00e9gion Bourgogne Franche-Comt\u00e9, le d\u00e9partement C\u00f4te d&rsquo;Or, le Pays Beaunois, la ville de Santenay et le ch\u00e2teau Philippe le Hardi.<\/span><br \/><span style=\"color: #ffffff;\">Partenaires et soutiens :\u00a0 l&rsquo;association Les amis du vieux Santenay, association Floraison textile, l&rsquo;\u00e9cole des Beaux Arts de Beaune, l&rsquo;\u00e9cole viticole de Beaune, Emma\u00fcs de Beaune, l&rsquo;\u00e9cole maternelle et \u00e9cole primaire de Santenay, l&rsquo;office de tourisme de Santenay.<\/span><\/h5>\t\t\t\t\t\t\t\t<\/div>\n\t\t\t\t<\/div>\n\t\t\t\t\t<\/div>\n\t\t<\/div>\n\t\t\t\t\t<\/div>\n\t\t<\/section>\n\t\t\t\t<\/div>\n\t\t","protected":false},"excerpt":{"rendered":"<p>La compagnie Thespis investit le Ch\u00e2teau Philippe le Hardi \u00e0 Santenay et vous embarque pour une exp\u00e9rience unique et d\u00e9concertante. Immergez dans la v\u00e9ritable histoire d\u2019amour tragique de la famille de Dr\u00e9e qui s&rsquo;est d\u00e9roul\u00e9e au ch\u00e2teau dans les ann\u00e9es 1920, teint\u00e9e des c\u00e9l\u00e8bres amants maudits Rom\u00e9o et Juliette de Shakespeare. \u00a0 Munis d\u2019un masque,\u00a0vous serez les t\u00e9moins indiscrets et anonymes de sayn\u00e8tes sans paroles capt\u00e9es sur le vif, au plus proche des personnages. Vous\u00a0pourrez m\u00eame \u00eatre convi\u00e9s par l\u2019un [&hellip;]<\/p>\n","protected":false},"author":2,"featured_media":0,"parent":0,"menu_order":0,"comment_status":"closed","ping_status":"closed","template":"template-blank.php","meta":{"footnotes":""},"class_list":["post-839","page","type-page","status-publish","hentry"],"_links":{"self":[{"href":"https:\/\/thespis.fr\/index.php\/wp-json\/wp\/v2\/pages\/839","targetHints":{"allow":["GET"]}}],"collection":[{"href":"https:\/\/thespis.fr\/index.php\/wp-json\/wp\/v2\/pages"}],"about":[{"href":"https:\/\/thespis.fr\/index.php\/wp-json\/wp\/v2\/types\/page"}],"author":[{"embeddable":true,"href":"https:\/\/thespis.fr\/index.php\/wp-json\/wp\/v2\/users\/2"}],"replies":[{"embeddable":true,"href":"https:\/\/thespis.fr\/index.php\/wp-json\/wp\/v2\/comments?post=839"}],"version-history":[{"count":95,"href":"https:\/\/thespis.fr\/index.php\/wp-json\/wp\/v2\/pages\/839\/revisions"}],"predecessor-version":[{"id":999,"href":"https:\/\/thespis.fr\/index.php\/wp-json\/wp\/v2\/pages\/839\/revisions\/999"}],"wp:attachment":[{"href":"https:\/\/thespis.fr\/index.php\/wp-json\/wp\/v2\/media?parent=839"}],"curies":[{"name":"wp","href":"https:\/\/api.w.org\/{rel}","templated":true}]}}