{"id":1564,"date":"2023-03-29T12:36:40","date_gmt":"2023-03-29T10:36:40","guid":{"rendered":"https:\/\/thespis.fr\/?page_id=1564"},"modified":"2024-01-18T12:14:46","modified_gmt":"2024-01-18T11:14:46","slug":"scolaires","status":"publish","type":"page","link":"https:\/\/thespis.fr\/index.php\/scolaires\/","title":{"rendered":"Scolaires"},"content":{"rendered":"\t\t<div data-elementor-type=\"wp-page\" data-elementor-id=\"1564\" class=\"elementor elementor-1564\">\n\t\t\t\t<div class=\"elementor-element elementor-element-c1276c8 e-flex e-con-boxed e-con e-parent\" data-id=\"c1276c8\" data-element_type=\"container\" data-e-type=\"container\">\n\t\t\t\t\t<div class=\"e-con-inner\">\n\t\t\t\t<div class=\"elementor-element elementor-element-3549074 elementor-widget elementor-widget-heading\" data-id=\"3549074\" data-element_type=\"widget\" data-e-type=\"widget\" data-widget_type=\"heading.default\">\n\t\t\t\t<div class=\"elementor-widget-container\">\n\t\t\t\t\t<h2 class=\"elementor-heading-title elementor-size-default\">Notre offre scolaire<\/h2>\t\t\t\t<\/div>\n\t\t\t\t<\/div>\n\t\t\t\t\t<\/div>\n\t\t\t\t<\/div>\n\t\t<div class=\"elementor-element elementor-element-5ae06f8 e-flex e-con-boxed e-con e-parent\" data-id=\"5ae06f8\" data-element_type=\"container\" data-e-type=\"container\">\n\t\t\t\t\t<div class=\"e-con-inner\">\n\t\t\t\t<div class=\"elementor-element elementor-element-f78d18d elementor-widget elementor-widget-text-editor\" data-id=\"f78d18d\" data-element_type=\"widget\" data-e-type=\"widget\" data-widget_type=\"text-editor.default\">\n\t\t\t\t<div class=\"elementor-widget-container\">\n\t\t\t\t\t\t\t\t\t<p>La compagnie Thespis intervient dans les \u00e9coles, coll\u00e8ges, lyc\u00e9es et universit\u00e9 pour apporter des cr\u00e9ations contemporaines originales, joyeuses, qui donnent envie aux les enfants de mieux d\u00e9couvrir le th\u00e9\u00e2tre dans le cadre scolaire.<\/p><p>La compagnie propose des ateliers, outils p\u00e9dagogiques, interventions en classe qui permettent de lier le programme des oeuvres \u00e9tudi\u00e9es et la cr\u00e9ation. N\u2019h\u00e9sitez pas \u00e0 demander des renseignements en nous contactant \u00e0 l\u2019adresse <a href=\"mailto:chariotdethespis@gmail.com\">contact@thespis.fr.<\/a><\/p>\t\t\t\t\t\t\t\t<\/div>\n\t\t\t\t<\/div>\n\t\t\t\t\t<\/div>\n\t\t\t\t<\/div>\n\t\t<div class=\"elementor-element elementor-element-cd30b04 e-flex e-con-boxed e-con e-parent\" data-id=\"cd30b04\" data-element_type=\"container\" data-e-type=\"container\">\n\t\t\t\t\t<div class=\"e-con-inner\">\n\t\t\t\t<div class=\"elementor-element elementor-element-1f43e07 elementor-widget elementor-widget-text-editor\" data-id=\"1f43e07\" data-element_type=\"widget\" data-e-type=\"widget\" data-widget_type=\"text-editor.default\">\n\t\t\t\t<div class=\"elementor-widget-container\">\n\t\t\t\t\t\t\t\t\t<p>Pour tous les scolaires, \u00e0 partir de 8 ans :\u00a0<\/p>\t\t\t\t\t\t\t\t<\/div>\n\t\t\t\t<\/div>\n\t\t\t\t<div class=\"elementor-element elementor-element-4bc277a elementor-widget elementor-widget-image\" data-id=\"4bc277a\" data-element_type=\"widget\" data-e-type=\"widget\" data-widget_type=\"image.default\">\n\t\t\t\t<div class=\"elementor-widget-container\">\n\t\t\t\t\t\t\t\t\t\t\t\t\t\t\t\t<a href=\"https:\/\/thespis.fr\/index.php\/leneide\/\">\n\t\t\t\t\t\t\t<img fetchpriority=\"high\" decoding=\"async\" width=\"715\" height=\"532\" src=\"https:\/\/thespis.fr\/wp-content\/uploads\/2023\/09\/ENE-image-dentete-pour-nos-autres-creations.jpg\" class=\"attachment-large size-large wp-image-1678\" alt=\"\" srcset=\"https:\/\/thespis.fr\/wp-content\/uploads\/2023\/09\/ENE-image-dentete-pour-nos-autres-creations.jpg 715w, https:\/\/thespis.fr\/wp-content\/uploads\/2023\/09\/ENE-image-dentete-pour-nos-autres-creations-300x223.jpg 300w\" sizes=\"(max-width: 715px) 100vw, 715px\" \/>\t\t\t\t\t\t\t\t<\/a>\n\t\t\t\t\t\t\t\t\t\t\t\t\t\t\t<\/div>\n\t\t\t\t<\/div>\n\t\t\t\t\t<\/div>\n\t\t\t\t<\/div>\n\t\t<div class=\"elementor-element elementor-element-06976b5 e-flex e-con-boxed e-con e-parent\" data-id=\"06976b5\" data-element_type=\"container\" data-e-type=\"container\">\n\t\t\t\t\t<div class=\"e-con-inner\">\n\t\t\t\t<div class=\"elementor-element elementor-element-670ce9d elementor-widget elementor-widget-text-editor\" data-id=\"670ce9d\" data-element_type=\"widget\" data-e-type=\"widget\" data-widget_type=\"text-editor.default\">\n\t\t\t\t<div class=\"elementor-widget-container\">\n\t\t\t\t\t\t\t\t\t<p>Pour les coll\u00e9giens et lyc\u00e9ens, \u00e0 partir de 10 ans.\u00a0<\/p>\t\t\t\t\t\t\t\t<\/div>\n\t\t\t\t<\/div>\n\t\t\t\t<div class=\"elementor-element elementor-element-3e70bbe elementor-widget elementor-widget-image\" data-id=\"3e70bbe\" data-element_type=\"widget\" data-e-type=\"widget\" data-widget_type=\"image.default\">\n\t\t\t\t<div class=\"elementor-widget-container\">\n\t\t\t\t\t\t\t\t\t\t\t\t\t\t\t\t<a href=\"https:\/\/thespis.fr\/index.php\/les-creations\/liliade\/\">\n\t\t\t\t\t\t\t<img decoding=\"async\" width=\"715\" height=\"532\" src=\"https:\/\/thespis.fr\/wp-content\/uploads\/2023\/03\/ILI-image-dentete-pour-nos-autres-creations.jpg\" class=\"attachment-large size-large wp-image-1566\" alt=\"\" srcset=\"https:\/\/thespis.fr\/wp-content\/uploads\/2023\/03\/ILI-image-dentete-pour-nos-autres-creations.jpg 715w, https:\/\/thespis.fr\/wp-content\/uploads\/2023\/03\/ILI-image-dentete-pour-nos-autres-creations-300x223.jpg 300w\" sizes=\"(max-width: 715px) 100vw, 715px\" \/>\t\t\t\t\t\t\t\t<\/a>\n\t\t\t\t\t\t\t\t\t\t\t\t\t\t\t<\/div>\n\t\t\t\t<\/div>\n\t\t\t\t\t<\/div>\n\t\t\t\t<\/div>\n\t\t<div class=\"elementor-element elementor-element-4051b2e e-flex e-con-boxed e-con e-parent\" data-id=\"4051b2e\" data-element_type=\"container\" data-e-type=\"container\">\n\t\t\t\t\t<div class=\"e-con-inner\">\n\t\t\t\t<div class=\"elementor-element elementor-element-0984857 elementor-widget elementor-widget-text-editor\" data-id=\"0984857\" data-element_type=\"widget\" data-e-type=\"widget\" data-widget_type=\"text-editor.default\">\n\t\t\t\t<div class=\"elementor-widget-container\">\n\t\t\t\t\t\t\t\t\t<p>Pour les lyc\u00e9ens et \u00e9tudiants :<\/p>\t\t\t\t\t\t\t\t<\/div>\n\t\t\t\t<\/div>\n\t\t\t\t<div class=\"elementor-element elementor-element-fc173fd elementor-widget elementor-widget-image\" data-id=\"fc173fd\" data-element_type=\"widget\" data-e-type=\"widget\" data-widget_type=\"image.default\">\n\t\t\t\t<div class=\"elementor-widget-container\">\n\t\t\t\t\t\t\t\t\t\t\t\t\t\t\t\t<a href=\"https:\/\/thespis.fr\/index.php\/les-creations\/life-on-mars\/\">\n\t\t\t\t\t\t\t<img decoding=\"async\" width=\"713\" height=\"531\" src=\"https:\/\/thespis.fr\/wp-content\/uploads\/2023\/03\/TOUF-image-dentete-pour-nos-autres-creations.jpg\" class=\"attachment-large size-large wp-image-1567\" alt=\"\" srcset=\"https:\/\/thespis.fr\/wp-content\/uploads\/2023\/03\/TOUF-image-dentete-pour-nos-autres-creations.jpg 713w, https:\/\/thespis.fr\/wp-content\/uploads\/2023\/03\/TOUF-image-dentete-pour-nos-autres-creations-300x223.jpg 300w\" sizes=\"(max-width: 713px) 100vw, 713px\" \/>\t\t\t\t\t\t\t\t<\/a>\n\t\t\t\t\t\t\t\t\t\t\t\t\t\t\t<\/div>\n\t\t\t\t<\/div>\n\t\t\t\t\t<\/div>\n\t\t\t\t<\/div>\n\t\t\t\t<\/div>\n\t\t","protected":false},"excerpt":{"rendered":"<p>Notre offre scolaire La compagnie Thespis intervient dans les \u00e9coles, coll\u00e8ges, lyc\u00e9es et universit\u00e9 pour apporter des cr\u00e9ations contemporaines originales, joyeuses, qui donnent envie aux les enfants de mieux d\u00e9couvrir le th\u00e9\u00e2tre dans le cadre scolaire. La compagnie propose des ateliers, outils p\u00e9dagogiques, interventions en classe qui permettent de lier le programme des oeuvres \u00e9tudi\u00e9es et la cr\u00e9ation. N\u2019h\u00e9sitez pas \u00e0 demander des renseignements en nous contactant \u00e0 l\u2019adresse contact@thespis.fr. Pour tous les scolaires, \u00e0 partir de 8 ans :\u00a0 [&hellip;]<\/p>\n","protected":false},"author":2,"featured_media":0,"parent":0,"menu_order":0,"comment_status":"closed","ping_status":"closed","template":"","meta":{"footnotes":""},"class_list":["post-1564","page","type-page","status-publish","hentry"],"_links":{"self":[{"href":"https:\/\/thespis.fr\/index.php\/wp-json\/wp\/v2\/pages\/1564","targetHints":{"allow":["GET"]}}],"collection":[{"href":"https:\/\/thespis.fr\/index.php\/wp-json\/wp\/v2\/pages"}],"about":[{"href":"https:\/\/thespis.fr\/index.php\/wp-json\/wp\/v2\/types\/page"}],"author":[{"embeddable":true,"href":"https:\/\/thespis.fr\/index.php\/wp-json\/wp\/v2\/users\/2"}],"replies":[{"embeddable":true,"href":"https:\/\/thespis.fr\/index.php\/wp-json\/wp\/v2\/comments?post=1564"}],"version-history":[{"count":22,"href":"https:\/\/thespis.fr\/index.php\/wp-json\/wp\/v2\/pages\/1564\/revisions"}],"predecessor-version":[{"id":1835,"href":"https:\/\/thespis.fr\/index.php\/wp-json\/wp\/v2\/pages\/1564\/revisions\/1835"}],"wp:attachment":[{"href":"https:\/\/thespis.fr\/index.php\/wp-json\/wp\/v2\/media?parent=1564"}],"curies":[{"name":"wp","href":"https:\/\/api.w.org\/{rel}","templated":true}]}}