{"id":136,"date":"2020-04-23T18:22:43","date_gmt":"2020-04-23T16:22:43","guid":{"rendered":"http:\/\/thespis.fr\/?page_id=136"},"modified":"2024-01-18T12:48:16","modified_gmt":"2024-01-18T11:48:16","slug":"les-creations","status":"publish","type":"page","link":"https:\/\/thespis.fr\/index.php\/les-creations\/","title":{"rendered":"LES CR\u00c9ATIONS"},"content":{"rendered":"\t\t<div data-elementor-type=\"wp-page\" data-elementor-id=\"136\" class=\"elementor elementor-136\">\n\t\t\t\t\t\t<section class=\"elementor-section elementor-top-section elementor-element elementor-element-c203a0e elementor-section-boxed elementor-section-height-default elementor-section-height-default\" data-id=\"c203a0e\" data-element_type=\"section\" data-e-type=\"section\">\n\t\t\t\t\t\t<div class=\"elementor-container elementor-column-gap-default\">\n\t\t\t\t\t<div class=\"elementor-column elementor-col-33 elementor-top-column elementor-element elementor-element-e58a5c9\" data-id=\"e58a5c9\" data-element_type=\"column\" data-e-type=\"column\">\n\t\t\t<div class=\"elementor-widget-wrap elementor-element-populated\">\n\t\t\t\t\t\t<div class=\"elementor-element elementor-element-3e4c6f3 elementor-widget elementor-widget-heading\" data-id=\"3e4c6f3\" data-element_type=\"widget\" data-e-type=\"widget\" data-widget_type=\"heading.default\">\n\t\t\t\t<div class=\"elementor-widget-container\">\n\t\t\t\t\t<h2 class=\"elementor-heading-title elementor-size-large\"><a href=\"https:\/\/thespis.fr\/index.php\/les-creations\/liliade\/\">L'ILIADE<\/a><\/h2>\t\t\t\t<\/div>\n\t\t\t\t<\/div>\n\t\t\t\t<div class=\"elementor-element elementor-element-6cbc55a elementor-widget elementor-widget-image\" data-id=\"6cbc55a\" data-element_type=\"widget\" data-e-type=\"widget\" data-widget_type=\"image.default\">\n\t\t\t\t<div class=\"elementor-widget-container\">\n\t\t\t\t\t\t\t\t\t\t\t\t\t\t\t\t<a href=\"https:\/\/thespis.fr\/index.php\/les-creations\/liliade\/\">\n\t\t\t\t\t\t\t<img fetchpriority=\"high\" decoding=\"async\" width=\"960\" height=\"644\" src=\"https:\/\/thespis.fr\/wp-content\/uploads\/2022\/01\/ILI-Visuel-principal-reseaux-sociaux-1024x687.jpg\" class=\"attachment-large size-large wp-image-1017\" alt=\"\" srcset=\"https:\/\/thespis.fr\/wp-content\/uploads\/2022\/01\/ILI-Visuel-principal-reseaux-sociaux-1024x687.jpg 1024w, https:\/\/thespis.fr\/wp-content\/uploads\/2022\/01\/ILI-Visuel-principal-reseaux-sociaux-300x201.jpg 300w, https:\/\/thespis.fr\/wp-content\/uploads\/2022\/01\/ILI-Visuel-principal-reseaux-sociaux-768x515.jpg 768w, https:\/\/thespis.fr\/wp-content\/uploads\/2022\/01\/ILI-Visuel-principal-reseaux-sociaux-1536x1030.jpg 1536w, https:\/\/thespis.fr\/wp-content\/uploads\/2022\/01\/ILI-Visuel-principal-reseaux-sociaux-2048x1373.jpg 2048w, https:\/\/thespis.fr\/wp-content\/uploads\/2022\/01\/ILI-Visuel-principal-reseaux-sociaux-1400x939.jpg 1400w, https:\/\/thespis.fr\/wp-content\/uploads\/2022\/01\/ILI-Visuel-principal-reseaux-sociaux-800x537.jpg 800w\" sizes=\"(max-width: 960px) 100vw, 960px\" \/>\t\t\t\t\t\t\t\t<\/a>\n\t\t\t\t\t\t\t\t\t\t\t\t\t\t\t<\/div>\n\t\t\t\t<\/div>\n\t\t\t\t<div class=\"elementor-element elementor-element-730de07 elementor-widget elementor-widget-spacer\" data-id=\"730de07\" data-element_type=\"widget\" data-e-type=\"widget\" data-widget_type=\"spacer.default\">\n\t\t\t\t<div class=\"elementor-widget-container\">\n\t\t\t\t\t\t\t<div class=\"elementor-spacer\">\n\t\t\t<div class=\"elementor-spacer-inner\"><\/div>\n\t\t<\/div>\n\t\t\t\t\t\t<\/div>\n\t\t\t\t<\/div>\n\t\t\t\t<div class=\"elementor-element elementor-element-9b727d8 elementor-widget elementor-widget-heading\" data-id=\"9b727d8\" data-element_type=\"widget\" data-e-type=\"widget\" data-widget_type=\"heading.default\">\n\t\t\t\t<div class=\"elementor-widget-container\">\n\t\t\t\t\t<h2 class=\"elementor-heading-title elementor-size-large\"><a href=\"https:\/\/thespis.fr\/index.php\/bash-experience-theatrale-immersive-en-ligne\/\">BASH - ONLINE<\/a><\/h2>\t\t\t\t<\/div>\n\t\t\t\t<\/div>\n\t\t\t\t<div class=\"elementor-element elementor-element-9c882af elementor-widget elementor-widget-image\" data-id=\"9c882af\" data-element_type=\"widget\" data-e-type=\"widget\" data-widget_type=\"image.default\">\n\t\t\t\t<div class=\"elementor-widget-container\">\n\t\t\t\t\t\t\t\t\t\t\t\t\t\t\t\t<a href=\"https:\/\/thespis.fr\/index.php\/bash-experience-theatrale-immersive-en-ligne\/\">\n\t\t\t\t\t\t\t<img decoding=\"async\" src=\"https:\/\/thespis.fr\/wp-content\/uploads\/elementor\/thumbs\/BASH-Affich-qihnalhgs5yhyb9z6iw5ru9ms98ol7z5g34n95cb8m.jpg\" title=\"BASH \u2013 Affich\" alt=\"BASH - Affich\" loading=\"lazy\" \/>\t\t\t\t\t\t\t\t<\/a>\n\t\t\t\t\t\t\t\t\t\t\t\t\t\t\t<\/div>\n\t\t\t\t<\/div>\n\t\t\t\t<div class=\"elementor-element elementor-element-2208b0c elementor-widget elementor-widget-spacer\" data-id=\"2208b0c\" data-element_type=\"widget\" data-e-type=\"widget\" data-widget_type=\"spacer.default\">\n\t\t\t\t<div class=\"elementor-widget-container\">\n\t\t\t\t\t\t\t<div class=\"elementor-spacer\">\n\t\t\t<div class=\"elementor-spacer-inner\"><\/div>\n\t\t<\/div>\n\t\t\t\t\t\t<\/div>\n\t\t\t\t<\/div>\n\t\t\t\t<div class=\"elementor-element elementor-element-0d71865 elementor-widget elementor-widget-heading\" data-id=\"0d71865\" data-element_type=\"widget\" data-e-type=\"widget\" data-widget_type=\"heading.default\">\n\t\t\t\t<div class=\"elementor-widget-container\">\n\t\t\t\t\t<h2 class=\"elementor-heading-title elementor-size-large\"><a href=\"https:\/\/thespis.fr\/index.php\/les-creations\/lodyssee-dulysse\/\"><span style=\", sans-serif;font-size: 26px;font-style: normal;font-weight: normal\">L'Odyss\u00e9e d'ulysse<\/span><\/a><\/h2>\t\t\t\t<\/div>\n\t\t\t\t<\/div>\n\t\t\t\t<div class=\"elementor-element elementor-element-42dc1f3 elementor-widget elementor-widget-image\" data-id=\"42dc1f3\" data-element_type=\"widget\" data-e-type=\"widget\" data-widget_type=\"image.default\">\n\t\t\t\t<div class=\"elementor-widget-container\">\n\t\t\t\t\t\t\t\t\t\t\t\t\t\t\t\t<a href=\"https:\/\/thespis.fr\/index.php\/les-creations\/lodyssee-dulysse\/\">\n\t\t\t\t\t\t\t<img decoding=\"async\" width=\"960\" height=\"638\" src=\"https:\/\/thespis.fr\/wp-content\/uploads\/2020\/04\/21576835705_61a971730e_k-1024x680.jpg\" class=\"attachment-large size-large wp-image-74\" alt=\"\" srcset=\"https:\/\/thespis.fr\/wp-content\/uploads\/2020\/04\/21576835705_61a971730e_k-1024x680.jpg 1024w, https:\/\/thespis.fr\/wp-content\/uploads\/2020\/04\/21576835705_61a971730e_k-300x199.jpg 300w, https:\/\/thespis.fr\/wp-content\/uploads\/2020\/04\/21576835705_61a971730e_k-768x510.jpg 768w, https:\/\/thespis.fr\/wp-content\/uploads\/2020\/04\/21576835705_61a971730e_k-1536x1020.jpg 1536w, https:\/\/thespis.fr\/wp-content\/uploads\/2020\/04\/21576835705_61a971730e_k-1400x930.jpg 1400w, https:\/\/thespis.fr\/wp-content\/uploads\/2020\/04\/21576835705_61a971730e_k-800x531.jpg 800w, https:\/\/thespis.fr\/wp-content\/uploads\/2020\/04\/21576835705_61a971730e_k.jpg 2048w\" sizes=\"(max-width: 960px) 100vw, 960px\" \/>\t\t\t\t\t\t\t\t<\/a>\n\t\t\t\t\t\t\t\t\t\t\t\t\t\t\t<\/div>\n\t\t\t\t<\/div>\n\t\t\t\t\t<\/div>\n\t\t<\/div>\n\t\t\t\t<div class=\"elementor-column elementor-col-33 elementor-top-column elementor-element elementor-element-2163520\" data-id=\"2163520\" data-element_type=\"column\" data-e-type=\"column\">\n\t\t\t<div class=\"elementor-widget-wrap elementor-element-populated\">\n\t\t\t\t\t\t<div class=\"elementor-element elementor-element-78ef76d elementor-widget elementor-widget-heading\" data-id=\"78ef76d\" data-element_type=\"widget\" data-e-type=\"widget\" data-widget_type=\"heading.default\">\n\t\t\t\t<div class=\"elementor-widget-container\">\n\t\t\t\t\t<h2 class=\"elementor-heading-title elementor-size-large\"><a href=\"https:\/\/thespis.fr\/index.php\/les-creations\/life-on-mars\/\"><span style=\", sans-serif;font-size: 26px;font-style: normal;font-weight: normal\">LIFE ON MARS ?<\/span><\/a><\/h2>\t\t\t\t<\/div>\n\t\t\t\t<\/div>\n\t\t\t\t<div class=\"elementor-element elementor-element-69f5de8 elementor-widget elementor-widget-image\" data-id=\"69f5de8\" data-element_type=\"widget\" data-e-type=\"widget\" data-widget_type=\"image.default\">\n\t\t\t\t<div class=\"elementor-widget-container\">\n\t\t\t\t\t\t\t\t\t\t\t\t\t\t\t\t<a href=\"https:\/\/thespis.fr\/index.php\/les-creations\/life-on-mars\/\">\n\t\t\t\t\t\t\t<img decoding=\"async\" width=\"960\" height=\"640\" src=\"https:\/\/thespis.fr\/wp-content\/uploads\/2020\/05\/toufff.jpg\" class=\"attachment-large size-large wp-image-382\" alt=\"\" srcset=\"https:\/\/thespis.fr\/wp-content\/uploads\/2020\/05\/toufff.jpg 960w, https:\/\/thespis.fr\/wp-content\/uploads\/2020\/05\/toufff-300x200.jpg 300w, https:\/\/thespis.fr\/wp-content\/uploads\/2020\/05\/toufff-768x512.jpg 768w, https:\/\/thespis.fr\/wp-content\/uploads\/2020\/05\/toufff-800x533.jpg 800w\" sizes=\"(max-width: 960px) 100vw, 960px\" \/>\t\t\t\t\t\t\t\t<\/a>\n\t\t\t\t\t\t\t\t\t\t\t\t\t\t\t<\/div>\n\t\t\t\t<\/div>\n\t\t\t\t<div class=\"elementor-element elementor-element-3333863 elementor-widget elementor-widget-spacer\" data-id=\"3333863\" data-element_type=\"widget\" data-e-type=\"widget\" data-widget_type=\"spacer.default\">\n\t\t\t\t<div class=\"elementor-widget-container\">\n\t\t\t\t\t\t\t<div class=\"elementor-spacer\">\n\t\t\t<div class=\"elementor-spacer-inner\"><\/div>\n\t\t<\/div>\n\t\t\t\t\t\t<\/div>\n\t\t\t\t<\/div>\n\t\t\t\t<div class=\"elementor-element elementor-element-695cd0f elementor-widget elementor-widget-heading\" data-id=\"695cd0f\" data-element_type=\"widget\" data-e-type=\"widget\" data-widget_type=\"heading.default\">\n\t\t\t\t<div class=\"elementor-widget-container\">\n\t\t\t\t\t<h2 class=\"elementor-heading-title elementor-size-large\"><a href=\"https:\/\/thespis.fr\/index.php\/leneide\/\"><span style=\", sans-serif;font-size: 26px;font-style: normal;font-weight: normal\">EMBARQUEZ AVEC EN\u00c9E<\/span><\/a><\/h2>\t\t\t\t<\/div>\n\t\t\t\t<\/div>\n\t\t\t\t<div class=\"elementor-element elementor-element-2dbfe41 elementor-widget elementor-widget-image\" data-id=\"2dbfe41\" data-element_type=\"widget\" data-e-type=\"widget\" data-widget_type=\"image.default\">\n\t\t\t\t<div class=\"elementor-widget-container\">\n\t\t\t\t\t\t\t\t\t\t\t\t\t\t\t\t<a href=\"https:\/\/thespis.fr\/index.php\/leneide\/\">\n\t\t\t\t\t\t\t<img decoding=\"async\" src=\"https:\/\/thespis.fr\/wp-content\/uploads\/elementor\/thumbs\/ene-1-e1705576817652-qihmogebsnncgzfsgycj1fer1idf9w2rqhwwai65t2.png\" title=\"ene (1)\" alt=\"ene (1)\" loading=\"lazy\" \/>\t\t\t\t\t\t\t\t<\/a>\n\t\t\t\t\t\t\t\t\t\t\t\t\t\t\t<\/div>\n\t\t\t\t<\/div>\n\t\t\t\t<div class=\"elementor-element elementor-element-e82f623 elementor-widget elementor-widget-spacer\" data-id=\"e82f623\" data-element_type=\"widget\" data-e-type=\"widget\" data-widget_type=\"spacer.default\">\n\t\t\t\t<div class=\"elementor-widget-container\">\n\t\t\t\t\t\t\t<div class=\"elementor-spacer\">\n\t\t\t<div class=\"elementor-spacer-inner\"><\/div>\n\t\t<\/div>\n\t\t\t\t\t\t<\/div>\n\t\t\t\t<\/div>\n\t\t\t\t<div class=\"elementor-element elementor-element-43dc764 elementor-widget elementor-widget-heading\" data-id=\"43dc764\" data-element_type=\"widget\" data-e-type=\"widget\" data-widget_type=\"heading.default\">\n\t\t\t\t<div class=\"elementor-widget-container\">\n\t\t\t\t\t<h2 class=\"elementor-heading-title elementor-size-default\"><a href=\"https:\/\/thespis.fr\/index.php\/les-creations\/comme-il-vous-plaira\/\"><span style=\", sans-serif;font-size: 26px;font-style: normal;font-weight: normal;letter-spacing: normal;text-align: center\">COMME IL VOUS PLAIRA<\/span><\/a><\/h2>\t\t\t\t<\/div>\n\t\t\t\t<\/div>\n\t\t\t\t<div class=\"elementor-element elementor-element-580d3f3 elementor-widget elementor-widget-image\" data-id=\"580d3f3\" data-element_type=\"widget\" data-e-type=\"widget\" data-widget_type=\"image.default\">\n\t\t\t\t<div class=\"elementor-widget-container\">\n\t\t\t\t\t\t\t\t\t\t\t\t\t\t\t\t<a href=\"https:\/\/thespis.fr\/index.php\/les-creations\/comme-il-vous-plaira\/\">\n\t\t\t\t\t\t\t<img loading=\"lazy\" decoding=\"async\" width=\"960\" height=\"641\" src=\"https:\/\/thespis.fr\/wp-content\/uploads\/2020\/04\/30245310590_e9dc13b306_o-1-1024x684.jpg\" class=\"attachment-large size-large wp-image-73\" alt=\"\" srcset=\"https:\/\/thespis.fr\/wp-content\/uploads\/2020\/04\/30245310590_e9dc13b306_o-1-1024x684.jpg 1024w, https:\/\/thespis.fr\/wp-content\/uploads\/2020\/04\/30245310590_e9dc13b306_o-1-300x200.jpg 300w, https:\/\/thespis.fr\/wp-content\/uploads\/2020\/04\/30245310590_e9dc13b306_o-1-768x513.jpg 768w, https:\/\/thespis.fr\/wp-content\/uploads\/2020\/04\/30245310590_e9dc13b306_o-1-1536x1026.jpg 1536w, https:\/\/thespis.fr\/wp-content\/uploads\/2020\/04\/30245310590_e9dc13b306_o-1-2048x1368.jpg 2048w, https:\/\/thespis.fr\/wp-content\/uploads\/2020\/04\/30245310590_e9dc13b306_o-1-1400x935.jpg 1400w, https:\/\/thespis.fr\/wp-content\/uploads\/2020\/04\/30245310590_e9dc13b306_o-1-800x534.jpg 800w\" sizes=\"(max-width: 960px) 100vw, 960px\" \/>\t\t\t\t\t\t\t\t<\/a>\n\t\t\t\t\t\t\t\t\t\t\t\t\t\t\t<\/div>\n\t\t\t\t<\/div>\n\t\t\t\t\t<\/div>\n\t\t<\/div>\n\t\t\t\t<div class=\"elementor-column elementor-col-33 elementor-top-column elementor-element elementor-element-9a3420b\" data-id=\"9a3420b\" data-element_type=\"column\" data-e-type=\"column\">\n\t\t\t<div class=\"elementor-widget-wrap elementor-element-populated\">\n\t\t\t\t\t\t<div class=\"elementor-element elementor-element-0e2e1f6 elementor-widget elementor-widget-heading\" data-id=\"0e2e1f6\" data-element_type=\"widget\" data-e-type=\"widget\" data-widget_type=\"heading.default\">\n\t\t\t\t<div class=\"elementor-widget-container\">\n\t\t\t\t\t<h2 class=\"elementor-heading-title elementor-size-large\"><a href=\"https:\/\/thespis.fr\/index.php\/les-creations\/shakespeares-ghosts\/\">Th\u00e9\u00e2tre immersif<\/a><\/h2>\t\t\t\t<\/div>\n\t\t\t\t<\/div>\n\t\t\t\t<div class=\"elementor-element elementor-element-f70740c elementor-widget elementor-widget-image\" data-id=\"f70740c\" data-element_type=\"widget\" data-e-type=\"widget\" data-widget_type=\"image.default\">\n\t\t\t\t<div class=\"elementor-widget-container\">\n\t\t\t\t\t\t\t\t\t\t\t\t\t\t\t\t<a href=\"https:\/\/thespis.fr\/index.php\/les-creations\/shakespeares-ghosts\/\">\n\t\t\t\t\t\t\t<img loading=\"lazy\" decoding=\"async\" width=\"960\" height=\"640\" src=\"https:\/\/thespis.fr\/wp-content\/uploads\/2020\/05\/shake.jpg\" class=\"attachment-large size-large wp-image-381\" alt=\"\" srcset=\"https:\/\/thespis.fr\/wp-content\/uploads\/2020\/05\/shake.jpg 960w, https:\/\/thespis.fr\/wp-content\/uploads\/2020\/05\/shake-300x200.jpg 300w, https:\/\/thespis.fr\/wp-content\/uploads\/2020\/05\/shake-768x512.jpg 768w, https:\/\/thespis.fr\/wp-content\/uploads\/2020\/05\/shake-800x533.jpg 800w\" sizes=\"(max-width: 960px) 100vw, 960px\" \/>\t\t\t\t\t\t\t\t<\/a>\n\t\t\t\t\t\t\t\t\t\t\t\t\t\t\t<\/div>\n\t\t\t\t<\/div>\n\t\t\t\t<div class=\"elementor-element elementor-element-e547149 elementor-widget elementor-widget-spacer\" data-id=\"e547149\" data-element_type=\"widget\" data-e-type=\"widget\" data-widget_type=\"spacer.default\">\n\t\t\t\t<div class=\"elementor-widget-container\">\n\t\t\t\t\t\t\t<div class=\"elementor-spacer\">\n\t\t\t<div class=\"elementor-spacer-inner\"><\/div>\n\t\t<\/div>\n\t\t\t\t\t\t<\/div>\n\t\t\t\t<\/div>\n\t\t\t\t<div class=\"elementor-element elementor-element-22fd8c9 elementor-widget elementor-widget-heading\" data-id=\"22fd8c9\" data-element_type=\"widget\" data-e-type=\"widget\" data-widget_type=\"heading.default\">\n\t\t\t\t<div class=\"elementor-widget-container\">\n\t\t\t\t\t<h2 class=\"elementor-heading-title elementor-size-large\"><a href=\"https:\/\/thespis.fr\/index.php\/les-creations\/endormie\/\">ENDORMIE<\/a><\/h2>\t\t\t\t<\/div>\n\t\t\t\t<\/div>\n\t\t\t\t<div class=\"elementor-element elementor-element-3e1bf96 elementor-widget elementor-widget-image\" data-id=\"3e1bf96\" data-element_type=\"widget\" data-e-type=\"widget\" data-widget_type=\"image.default\">\n\t\t\t\t<div class=\"elementor-widget-container\">\n\t\t\t\t\t\t\t\t\t\t\t\t\t\t\t\t<a href=\"https:\/\/thespis.fr\/index.php\/les-creations\/endormie\/\">\n\t\t\t\t\t\t\t<img loading=\"lazy\" decoding=\"async\" width=\"960\" height=\"640\" src=\"https:\/\/thespis.fr\/wp-content\/uploads\/2020\/05\/Endormie-CES-4-1-1024x683.jpg\" class=\"attachment-large size-large wp-image-562\" alt=\"\" srcset=\"https:\/\/thespis.fr\/wp-content\/uploads\/2020\/05\/Endormie-CES-4-1-1024x683.jpg 1024w, https:\/\/thespis.fr\/wp-content\/uploads\/2020\/05\/Endormie-CES-4-1-300x200.jpg 300w, https:\/\/thespis.fr\/wp-content\/uploads\/2020\/05\/Endormie-CES-4-1-768x512.jpg 768w, https:\/\/thespis.fr\/wp-content\/uploads\/2020\/05\/Endormie-CES-4-1-1536x1024.jpg 1536w, https:\/\/thespis.fr\/wp-content\/uploads\/2020\/05\/Endormie-CES-4-1-2048x1365.jpg 2048w, https:\/\/thespis.fr\/wp-content\/uploads\/2020\/05\/Endormie-CES-4-1-1400x933.jpg 1400w, https:\/\/thespis.fr\/wp-content\/uploads\/2020\/05\/Endormie-CES-4-1-800x533.jpg 800w\" sizes=\"(max-width: 960px) 100vw, 960px\" \/>\t\t\t\t\t\t\t\t<\/a>\n\t\t\t\t\t\t\t\t\t\t\t\t\t\t\t<\/div>\n\t\t\t\t<\/div>\n\t\t\t\t\t<\/div>\n\t\t<\/div>\n\t\t\t\t\t<\/div>\n\t\t<\/section>\n\t\t\t\t<\/div>\n\t\t","protected":false},"excerpt":{"rendered":"<p>L\u2019ILIADE BASH \u2013 ONLINE L\u2019Odyss\u00e9e d\u2019ulysse LIFE ON MARS ? EMBARQUEZ AVEC EN\u00c9E COMME IL VOUS PLAIRA Th\u00e9\u00e2tre immersif ENDORMIE<\/p>\n","protected":false},"author":3,"featured_media":0,"parent":0,"menu_order":0,"comment_status":"closed","ping_status":"closed","template":"","meta":{"footnotes":""},"class_list":["post-136","page","type-page","status-publish","hentry"],"_links":{"self":[{"href":"https:\/\/thespis.fr\/index.php\/wp-json\/wp\/v2\/pages\/136","targetHints":{"allow":["GET"]}}],"collection":[{"href":"https:\/\/thespis.fr\/index.php\/wp-json\/wp\/v2\/pages"}],"about":[{"href":"https:\/\/thespis.fr\/index.php\/wp-json\/wp\/v2\/types\/page"}],"author":[{"embeddable":true,"href":"https:\/\/thespis.fr\/index.php\/wp-json\/wp\/v2\/users\/3"}],"replies":[{"embeddable":true,"href":"https:\/\/thespis.fr\/index.php\/wp-json\/wp\/v2\/comments?post=136"}],"version-history":[{"count":40,"href":"https:\/\/thespis.fr\/index.php\/wp-json\/wp\/v2\/pages\/136\/revisions"}],"predecessor-version":[{"id":1862,"href":"https:\/\/thespis.fr\/index.php\/wp-json\/wp\/v2\/pages\/136\/revisions\/1862"}],"wp:attachment":[{"href":"https:\/\/thespis.fr\/index.php\/wp-json\/wp\/v2\/media?parent=136"}],"curies":[{"name":"wp","href":"https:\/\/api.w.org\/{rel}","templated":true}]}}