{"id":117,"date":"2020-04-23T18:02:05","date_gmt":"2020-04-23T16:02:05","guid":{"rendered":"http:\/\/thespis.fr\/?page_id=117"},"modified":"2026-02-08T17:32:42","modified_gmt":"2026-02-08T16:32:42","slug":"la-compagnie","status":"publish","type":"page","link":"https:\/\/thespis.fr\/index.php\/la-compagnie\/","title":{"rendered":"LA COMPAGNIE"},"content":{"rendered":"\t\t<div data-elementor-type=\"wp-page\" data-elementor-id=\"117\" class=\"elementor elementor-117\">\n\t\t\t\t\t\t<section class=\"elementor-section elementor-top-section elementor-element elementor-element-259bacd6 elementor-section-content-middle elementor-section-stretched elementor-section-boxed elementor-section-height-default elementor-section-height-default\" data-id=\"259bacd6\" data-element_type=\"section\" data-e-type=\"section\" data-settings=\"{&quot;stretch_section&quot;:&quot;section-stretched&quot;}\">\n\t\t\t\t\t\t<div class=\"elementor-container elementor-column-gap-no\">\n\t\t\t\t\t<div class=\"elementor-column elementor-col-100 elementor-top-column elementor-element elementor-element-31da9ca1\" data-id=\"31da9ca1\" data-element_type=\"column\" data-e-type=\"column\">\n\t\t\t<div class=\"elementor-widget-wrap elementor-element-populated\">\n\t\t\t\t\t\t<div class=\"elementor-element elementor-element-1c0c0f2f elementor-widget elementor-widget-heading\" data-id=\"1c0c0f2f\" data-element_type=\"widget\" data-e-type=\"widget\" data-widget_type=\"heading.default\">\n\t\t\t\t<div class=\"elementor-widget-container\">\n\t\t\t\t\t<h4 class=\"elementor-heading-title elementor-size-default\">Notre d\u00e9marche artistique<\/h4>\t\t\t\t<\/div>\n\t\t\t\t<\/div>\n\t\t\t\t<div class=\"elementor-element elementor-element-1790b391 elementor-widget elementor-widget-text-editor\" data-id=\"1790b391\" data-element_type=\"widget\" data-e-type=\"widget\" data-widget_type=\"text-editor.default\">\n\t\t\t\t<div class=\"elementor-widget-container\">\n\t\t\t\t\t\t\t\t\t<p style=\"text-align: left;\"><span style=\"color: #333333;\">La compagnie Thespis s\u2019interroge tout particuli\u00e8rement sur la trajectoire de la civilisation moderne, sur les changements qui bousculent notre \u00e9poque et fa\u00e7onnent de nouvelles valeurs. Nous cherchons, \u00e0 travers une d\u00e9marche artistique polymorphe, \u00e0 poser les questions qui nous traversent, \u00e0 tenter d&rsquo;explorer la complexit\u00e9 de notre \u00e9poque \u00e0 travers nos cr\u00e9ations, qui s&rsquo;\u00e9laborent directement au plateau.<\/span><\/p>\n<p style=\"text-align: left;\"><span style=\"color: #333333;\">Nous nous nourrissons principalement de trois types de mat\u00e9riaux :<\/span><\/p>\n<p style=\"text-align: left;\"><span style=\"color: #333333;\">\u2013&nbsp;<b>la soci\u00e9t\u00e9 civile<\/b>, \u00e0 travers des interviews, des rencontres, des travaux communs. \u00c9changer, \u00e9couter, recueillir est notre premi\u00e8re source de cr\u00e9ation,<\/span><br><span style=\"color: #333333;\">\u2013&nbsp;<b>des objets ressources<\/b>, comme des \u0153uvres, ou des objets quotidiens charg\u00e9s de sens,<\/span><br><span style=\"color: #333333;\">\u2013&nbsp;<b>des mythes, des textes&nbsp;classiques <\/b>ou contemporains, que nous adaptons.<\/span><\/p>\n<p style=\"text-align: left;\"><span style=\"color: #333333;\">Les com\u00e9diens se servent des mat\u00e9riaux pour cr\u00e9er \u00e0 partir d\u2019improvisations au plateau. L&rsquo;\u00e9criture provient de la sc\u00e8ne et se sert de la sc\u00e8ne. Le texte et la mise en sc\u00e8ne s&rsquo;\u00e9laborent conjointement, avec tous les participants.&nbsp;<\/span><span style=\"color: rgb(51, 51, 51); font-family: Cabin; font-size: 16px; font-style: normal; font-weight: 300; text-align: center; letter-spacing: 0px;\">Les improvisations sont men\u00e9es puis r\u00e9\u00e9crites, puis r\u00e9inject\u00e9es au plateau. Les strates de textes finissent par construire une partition globale qui provient du plateau.&nbsp;<\/span><span style=\"color: rgb(51, 51, 51); font-size: 16px; letter-spacing: 0px;\">Le spectacle se forme dans une dynamique de friction, d&rsquo;exp\u00e9rimentation, d&rsquo;essais. Il voit sa forme \u00e9voluer constamment.&nbsp;<\/span><\/p>\n<p style=\"text-align: left;\"><span style=\"color: #333333;\">Nous nous attachons \u00e0 essayer<\/span><span style=\"text-align: center;\"><span style=\"color: #333333;\"> des formes interdisciplinaires inventives, avec une attention particuli\u00e8re port\u00e9e aux disciplines du vivant (danse, musique), dans un objectif de proposer un th\u00e9\u00e2tre d\u00e9cloisonn\u00e9 et total.<\/span><\/span><\/p>\n<p style=\"text-align: left;\"><span style=\"color: #333333;\">Quelle que soit la forme, nous voulons provoquer de l&rsquo;imagination, susciter des \u00e9motions,&nbsp; motiver la r\u00e9flexion et attirer le spectateur dans une r\u00e9alit\u00e9 sinon partag\u00e9e, du moins constat\u00e9e. C&rsquo;est pourquoi nous nous int\u00e9ressons tout particuli\u00e8rement aux exp\u00e9riences de th\u00e9\u00e2tre qui questionnent la place du spectateur : de la joyeuse intranquillit\u00e9 des spectateurs \u00e0 leur immersion totale, notre th\u00e9\u00e2tre est rarement seulement celui de la seule illusion.<\/span><\/p>\n<p style=\"text-align: left;\"><span style=\"color: #333333;\">Et afin d\u2019int\u00e9grer le spectateur dans une communion fid\u00e8le aux valeurs humanistes, nous cherchons \u00e0 cr\u00e9er un th\u00e9\u00e2tre populaire, souvent dr\u00f4le, irr\u00e9v\u00e9rencieux, car c\u2019est notre fa\u00e7on de traiter l\u2019absurdit\u00e9 du monde.<\/span><\/p>\n<div>&nbsp;<\/div>\t\t\t\t\t\t\t\t<\/div>\n\t\t\t\t<\/div>\n\t\t\t\t<div class=\"elementor-element elementor-element-1319a14 elementor-align-center elementor-invisible elementor-widget elementor-widget-button\" data-id=\"1319a14\" data-element_type=\"widget\" data-e-type=\"widget\" data-settings=\"{&quot;_animation&quot;:&quot;slideInLeft&quot;}\" data-widget_type=\"button.default\">\n\t\t\t\t<div class=\"elementor-widget-container\">\n\t\t\t\t\t\t\t\t\t<div class=\"elementor-button-wrapper\">\n\t\t\t\t\t<a class=\"elementor-button elementor-button-link elementor-size-sm\" href=\"https:\/\/www.helloasso.com\/associations\/les-passagers-du-chariot-de-thespis\/formulaires\/1\" target=\"_blank\">\n\t\t\t\t\t\t<span class=\"elementor-button-content-wrapper\">\n\t\t\t\t\t\t\t\t\t<span class=\"elementor-button-text\">Soutenir la compagnie<\/span>\n\t\t\t\t\t<\/span>\n\t\t\t\t\t<\/a>\n\t\t\t\t<\/div>\n\t\t\t\t\t\t\t\t<\/div>\n\t\t\t\t<\/div>\n\t\t\t\t\t<\/div>\n\t\t<\/div>\n\t\t\t\t\t<\/div>\n\t\t<\/section>\n\t\t\t\t<section class=\"elementor-section elementor-top-section elementor-element elementor-element-219ba324 elementor-section-content-middle elementor-section-stretched elementor-section-boxed elementor-section-height-default elementor-section-height-default\" data-id=\"219ba324\" data-element_type=\"section\" data-e-type=\"section\" data-settings=\"{&quot;background_background&quot;:&quot;classic&quot;,&quot;stretch_section&quot;:&quot;section-stretched&quot;}\">\n\t\t\t\t\t\t<div class=\"elementor-container elementor-column-gap-no\">\n\t\t\t\t\t<div class=\"elementor-column elementor-col-50 elementor-top-column elementor-element elementor-element-1a4f02e\" data-id=\"1a4f02e\" data-element_type=\"column\" data-e-type=\"column\">\n\t\t\t<div class=\"elementor-widget-wrap elementor-element-populated\">\n\t\t\t\t\t\t<section class=\"elementor-section elementor-inner-section elementor-element elementor-element-1870a19 elementor-section-content-middle elementor-section-boxed elementor-section-height-default elementor-section-height-default\" data-id=\"1870a19\" data-element_type=\"section\" data-e-type=\"section\">\n\t\t\t\t\t\t<div class=\"elementor-container elementor-column-gap-no\">\n\t\t\t\t\t<div class=\"elementor-column elementor-col-33 elementor-inner-column elementor-element elementor-element-2b97b52d\" data-id=\"2b97b52d\" data-element_type=\"column\" data-e-type=\"column\">\n\t\t\t<div class=\"elementor-widget-wrap elementor-element-populated\">\n\t\t\t\t\t\t<div class=\"elementor-element elementor-element-c50e472 elementor-widget elementor-widget-image\" data-id=\"c50e472\" data-element_type=\"widget\" data-e-type=\"widget\" data-widget_type=\"image.default\">\n\t\t\t\t<div class=\"elementor-widget-container\">\n\t\t\t\t\t\t\t\t\t\t\t\t<figure class=\"wp-caption\">\n\t\t\t\t\t\t\t\t\t\t<img fetchpriority=\"high\" decoding=\"async\" width=\"2448\" height=\"2449\" src=\"https:\/\/thespis.fr\/wp-content\/uploads\/2022\/01\/P_20220124_175225.jpg\" class=\"attachment-full size-full wp-image-1042\" alt=\"\" srcset=\"https:\/\/thespis.fr\/wp-content\/uploads\/2022\/01\/P_20220124_175225.jpg 2448w, https:\/\/thespis.fr\/wp-content\/uploads\/2022\/01\/P_20220124_175225-300x300.jpg 300w, https:\/\/thespis.fr\/wp-content\/uploads\/2022\/01\/P_20220124_175225-1024x1024.jpg 1024w, https:\/\/thespis.fr\/wp-content\/uploads\/2022\/01\/P_20220124_175225-150x150.jpg 150w, https:\/\/thespis.fr\/wp-content\/uploads\/2022\/01\/P_20220124_175225-768x768.jpg 768w, https:\/\/thespis.fr\/wp-content\/uploads\/2022\/01\/P_20220124_175225-1536x1536.jpg 1536w, https:\/\/thespis.fr\/wp-content\/uploads\/2022\/01\/P_20220124_175225-2048x2048.jpg 2048w, https:\/\/thespis.fr\/wp-content\/uploads\/2022\/01\/P_20220124_175225-770x770.jpg 770w, https:\/\/thespis.fr\/wp-content\/uploads\/2022\/01\/P_20220124_175225-160x160.jpg 160w, https:\/\/thespis.fr\/wp-content\/uploads\/2022\/01\/P_20220124_175225-1400x1401.jpg 1400w, https:\/\/thespis.fr\/wp-content\/uploads\/2022\/01\/P_20220124_175225-800x800.jpg 800w\" sizes=\"(max-width: 2448px) 100vw, 2448px\" \/>\t\t\t\t\t\t\t\t\t\t\t<figcaption class=\"widget-image-caption wp-caption-text\">Jacques Denis - Pr\u00e9sident<\/figcaption>\n\t\t\t\t\t\t\t\t\t\t<\/figure>\n\t\t\t\t\t\t\t\t\t<\/div>\n\t\t\t\t<\/div>\n\t\t\t\t\t<\/div>\n\t\t<\/div>\n\t\t\t\t<div class=\"elementor-column elementor-col-33 elementor-inner-column elementor-element elementor-element-69b0ba7\" data-id=\"69b0ba7\" data-element_type=\"column\" data-e-type=\"column\">\n\t\t\t<div class=\"elementor-widget-wrap elementor-element-populated\">\n\t\t\t\t\t\t<div class=\"elementor-element elementor-element-557c723 elementor-widget elementor-widget-image\" data-id=\"557c723\" data-element_type=\"widget\" data-e-type=\"widget\" data-widget_type=\"image.default\">\n\t\t\t\t<div class=\"elementor-widget-container\">\n\t\t\t\t\t\t\t\t\t\t\t\t<figure class=\"wp-caption\">\n\t\t\t\t\t\t\t\t\t\t<img decoding=\"async\" width=\"822\" height=\"946\" src=\"https:\/\/thespis.fr\/wp-content\/uploads\/2025\/07\/youcef-1.jpg\" class=\"attachment-full size-full wp-image-2086\" alt=\"\" srcset=\"https:\/\/thespis.fr\/wp-content\/uploads\/2025\/07\/youcef-1.jpg 822w, https:\/\/thespis.fr\/wp-content\/uploads\/2025\/07\/youcef-1-261x300.jpg 261w, https:\/\/thespis.fr\/wp-content\/uploads\/2025\/07\/youcef-1-768x884.jpg 768w, https:\/\/thespis.fr\/wp-content\/uploads\/2025\/07\/youcef-1-800x921.jpg 800w\" sizes=\"(max-width: 822px) 100vw, 822px\" \/>\t\t\t\t\t\t\t\t\t\t\t<figcaption class=\"widget-image-caption wp-caption-text\">Youcef Bahlat  -  Membre du CA<\/figcaption>\n\t\t\t\t\t\t\t\t\t\t<\/figure>\n\t\t\t\t\t\t\t\t\t<\/div>\n\t\t\t\t<\/div>\n\t\t\t\t\t<\/div>\n\t\t<\/div>\n\t\t\t\t<div class=\"elementor-column elementor-col-33 elementor-inner-column elementor-element elementor-element-6cff8ff0\" data-id=\"6cff8ff0\" data-element_type=\"column\" data-e-type=\"column\">\n\t\t\t<div class=\"elementor-widget-wrap elementor-element-populated\">\n\t\t\t\t\t\t<div class=\"elementor-element elementor-element-78224423 elementor-widget elementor-widget-image\" data-id=\"78224423\" data-element_type=\"widget\" data-e-type=\"widget\" data-widget_type=\"image.default\">\n\t\t\t\t<div class=\"elementor-widget-container\">\n\t\t\t\t\t\t\t\t\t\t\t\t<figure class=\"wp-caption\">\n\t\t\t\t\t\t\t\t\t\t<img decoding=\"async\" width=\"150\" height=\"150\" src=\"https:\/\/thespis.fr\/wp-content\/uploads\/2025\/07\/photo-steph-150x150.jpg\" class=\"attachment-thumbnail size-thumbnail wp-image-2062\" alt=\"\" srcset=\"https:\/\/thespis.fr\/wp-content\/uploads\/2025\/07\/photo-steph-150x150.jpg 150w, https:\/\/thespis.fr\/wp-content\/uploads\/2025\/07\/photo-steph-300x300.jpg 300w, https:\/\/thespis.fr\/wp-content\/uploads\/2025\/07\/photo-steph-768x765.jpg 768w, https:\/\/thespis.fr\/wp-content\/uploads\/2025\/07\/photo-steph-770x770.jpg 770w, https:\/\/thespis.fr\/wp-content\/uploads\/2025\/07\/photo-steph-160x160.jpg 160w, https:\/\/thespis.fr\/wp-content\/uploads\/2025\/07\/photo-steph-800x796.jpg 800w, https:\/\/thespis.fr\/wp-content\/uploads\/2025\/07\/photo-steph.jpg 900w\" sizes=\"(max-width: 150px) 100vw, 150px\" \/>\t\t\t\t\t\t\t\t\t\t\t<figcaption class=\"widget-image-caption wp-caption-text\">St\u00e9phanie Recupido - Attach\u00e9e de production<\/figcaption>\n\t\t\t\t\t\t\t\t\t\t<\/figure>\n\t\t\t\t\t\t\t\t\t<\/div>\n\t\t\t\t<\/div>\n\t\t\t\t\t<\/div>\n\t\t<\/div>\n\t\t\t\t\t<\/div>\n\t\t<\/section>\n\t\t\t\t<section class=\"elementor-section elementor-inner-section elementor-element elementor-element-436c4410 elementor-section-boxed elementor-section-height-default elementor-section-height-default\" data-id=\"436c4410\" data-element_type=\"section\" data-e-type=\"section\">\n\t\t\t\t\t\t<div class=\"elementor-container elementor-column-gap-default\">\n\t\t\t\t\t<div class=\"elementor-column elementor-col-33 elementor-inner-column elementor-element elementor-element-2b6d5e0c\" data-id=\"2b6d5e0c\" data-element_type=\"column\" data-e-type=\"column\">\n\t\t\t<div class=\"elementor-widget-wrap elementor-element-populated\">\n\t\t\t\t\t\t<div class=\"elementor-element elementor-element-bb9aa4b elementor-widget__width-initial elementor-widget elementor-widget-image\" data-id=\"bb9aa4b\" data-element_type=\"widget\" data-e-type=\"widget\" data-widget_type=\"image.default\">\n\t\t\t\t<div class=\"elementor-widget-container\">\n\t\t\t\t\t\t\t\t\t\t\t\t<figure class=\"wp-caption\">\n\t\t\t\t\t\t\t\t\t\t<img loading=\"lazy\" decoding=\"async\" width=\"548\" height=\"548\" src=\"https:\/\/thespis.fr\/wp-content\/uploads\/2022\/01\/Numerisation_20220125-2.png\" class=\"attachment-full size-full wp-image-1043\" alt=\"\" srcset=\"https:\/\/thespis.fr\/wp-content\/uploads\/2022\/01\/Numerisation_20220125-2.png 548w, https:\/\/thespis.fr\/wp-content\/uploads\/2022\/01\/Numerisation_20220125-2-300x300.png 300w, https:\/\/thespis.fr\/wp-content\/uploads\/2022\/01\/Numerisation_20220125-2-150x150.png 150w, https:\/\/thespis.fr\/wp-content\/uploads\/2022\/01\/Numerisation_20220125-2-160x160.png 160w\" sizes=\"(max-width: 548px) 100vw, 548px\" \/>\t\t\t\t\t\t\t\t\t\t\t<figcaption class=\"widget-image-caption wp-caption-text\">Bruna Manoni - Membre du CA<\/figcaption>\n\t\t\t\t\t\t\t\t\t\t<\/figure>\n\t\t\t\t\t\t\t\t\t<\/div>\n\t\t\t\t<\/div>\n\t\t\t\t\t<\/div>\n\t\t<\/div>\n\t\t\t\t<div class=\"elementor-column elementor-col-33 elementor-inner-column elementor-element elementor-element-5ba3e0ba\" data-id=\"5ba3e0ba\" data-element_type=\"column\" data-e-type=\"column\">\n\t\t\t<div class=\"elementor-widget-wrap elementor-element-populated\">\n\t\t\t\t\t\t<div class=\"elementor-element elementor-element-1cde695 elementor-widget elementor-widget-image\" data-id=\"1cde695\" data-element_type=\"widget\" data-e-type=\"widget\" data-widget_type=\"image.default\">\n\t\t\t\t<div class=\"elementor-widget-container\">\n\t\t\t\t\t\t\t\t\t\t\t\t<figure class=\"wp-caption\">\n\t\t\t\t\t\t\t\t\t\t<img loading=\"lazy\" decoding=\"async\" width=\"450\" height=\"459\" src=\"https:\/\/thespis.fr\/wp-content\/uploads\/2023\/03\/img_20160910_173127_29549282511_o.png\" class=\"attachment-full size-full wp-image-1557\" alt=\"\" srcset=\"https:\/\/thespis.fr\/wp-content\/uploads\/2023\/03\/img_20160910_173127_29549282511_o.png 450w, https:\/\/thespis.fr\/wp-content\/uploads\/2023\/03\/img_20160910_173127_29549282511_o-294x300.png 294w\" sizes=\"(max-width: 450px) 100vw, 450px\" \/>\t\t\t\t\t\t\t\t\t\t\t<figcaption class=\"widget-image-caption wp-caption-text\">Cyril Pouvesle - Tr\u00e9sorier<\/figcaption>\n\t\t\t\t\t\t\t\t\t\t<\/figure>\n\t\t\t\t\t\t\t\t\t<\/div>\n\t\t\t\t<\/div>\n\t\t\t\t\t<\/div>\n\t\t<\/div>\n\t\t\t\t<div class=\"elementor-column elementor-col-33 elementor-inner-column elementor-element elementor-element-4f3d060c\" data-id=\"4f3d060c\" data-element_type=\"column\" data-e-type=\"column\">\n\t\t\t<div class=\"elementor-widget-wrap elementor-element-populated\">\n\t\t\t\t\t\t<div class=\"elementor-element elementor-element-90fcb57 elementor-widget elementor-widget-image\" data-id=\"90fcb57\" data-element_type=\"widget\" data-e-type=\"widget\" data-widget_type=\"image.default\">\n\t\t\t\t<div class=\"elementor-widget-container\">\n\t\t\t\t\t\t\t\t\t\t\t\t<figure class=\"wp-caption\">\n\t\t\t\t\t\t\t\t\t\t<img loading=\"lazy\" decoding=\"async\" width=\"1800\" height=\"1801\" src=\"https:\/\/thespis.fr\/wp-content\/uploads\/2022\/01\/1643194780971.jpg\" class=\"attachment-full size-full wp-image-1040\" alt=\"\" srcset=\"https:\/\/thespis.fr\/wp-content\/uploads\/2022\/01\/1643194780971.jpg 1800w, https:\/\/thespis.fr\/wp-content\/uploads\/2022\/01\/1643194780971-300x300.jpg 300w, https:\/\/thespis.fr\/wp-content\/uploads\/2022\/01\/1643194780971-1024x1024.jpg 1024w, https:\/\/thespis.fr\/wp-content\/uploads\/2022\/01\/1643194780971-150x150.jpg 150w, https:\/\/thespis.fr\/wp-content\/uploads\/2022\/01\/1643194780971-768x768.jpg 768w, https:\/\/thespis.fr\/wp-content\/uploads\/2022\/01\/1643194780971-1536x1536.jpg 1536w, https:\/\/thespis.fr\/wp-content\/uploads\/2022\/01\/1643194780971-770x770.jpg 770w, https:\/\/thespis.fr\/wp-content\/uploads\/2022\/01\/1643194780971-160x160.jpg 160w, https:\/\/thespis.fr\/wp-content\/uploads\/2022\/01\/1643194780971-1400x1401.jpg 1400w, https:\/\/thespis.fr\/wp-content\/uploads\/2022\/01\/1643194780971-800x800.jpg 800w\" sizes=\"(max-width: 1800px) 100vw, 1800px\" \/>\t\t\t\t\t\t\t\t\t\t\t<figcaption class=\"widget-image-caption wp-caption-text\">Gino Di Stefano - Membre du CA<\/figcaption>\n\t\t\t\t\t\t\t\t\t\t<\/figure>\n\t\t\t\t\t\t\t\t\t<\/div>\n\t\t\t\t<\/div>\n\t\t\t\t\t<\/div>\n\t\t<\/div>\n\t\t\t\t\t<\/div>\n\t\t<\/section>\n\t\t\t\t\t<\/div>\n\t\t<\/div>\n\t\t\t\t<div class=\"elementor-column elementor-col-50 elementor-top-column elementor-element elementor-element-1cfec67\" data-id=\"1cfec67\" data-element_type=\"column\" data-e-type=\"column\">\n\t\t\t<div class=\"elementor-widget-wrap elementor-element-populated\">\n\t\t\t\t\t\t<div class=\"elementor-element elementor-element-778f6863 elementor-widget elementor-widget-heading\" data-id=\"778f6863\" data-element_type=\"widget\" data-e-type=\"widget\" data-widget_type=\"heading.default\">\n\t\t\t\t<div class=\"elementor-widget-container\">\n\t\t\t\t\t<h3 class=\"elementor-heading-title elementor-size-default\">L'\u00c9quipe thespis<\/h3>\t\t\t\t<\/div>\n\t\t\t\t<\/div>\n\t\t\t\t<div class=\"elementor-element elementor-element-53178954 elementor-widget-divider--view-line elementor-widget elementor-widget-divider\" data-id=\"53178954\" data-element_type=\"widget\" data-e-type=\"widget\" data-widget_type=\"divider.default\">\n\t\t\t\t<div class=\"elementor-widget-container\">\n\t\t\t\t\t\t\t<div class=\"elementor-divider\">\n\t\t\t<span class=\"elementor-divider-separator\">\n\t\t\t\t\t\t<\/span>\n\t\t<\/div>\n\t\t\t\t\t\t<\/div>\n\t\t\t\t<\/div>\n\t\t\t\t\t<\/div>\n\t\t<\/div>\n\t\t\t\t\t<\/div>\n\t\t<\/section>\n\t\t\t\t<\/div>\n\t\t","protected":false},"excerpt":{"rendered":"<p>Notre d\u00e9marche artistique La compagnie Thespis s\u2019interroge tout particuli\u00e8rement sur la trajectoire de la civilisation moderne, sur les changements qui bousculent notre \u00e9poque et fa\u00e7onnent de nouvelles valeurs. Nous cherchons, \u00e0 travers une d\u00e9marche artistique polymorphe, \u00e0 poser les questions qui nous traversent, \u00e0 tenter d&rsquo;explorer la complexit\u00e9 de notre \u00e9poque \u00e0 travers nos cr\u00e9ations, qui s&rsquo;\u00e9laborent directement au plateau. Nous nous nourrissons principalement de trois types de mat\u00e9riaux : \u2013&nbsp;la soci\u00e9t\u00e9 civile, \u00e0 travers des interviews, des rencontres, des [&hellip;]<\/p>\n","protected":false},"author":3,"featured_media":0,"parent":0,"menu_order":0,"comment_status":"closed","ping_status":"closed","template":"elementor_header_footer","meta":{"footnotes":""},"class_list":["post-117","page","type-page","status-publish","hentry"],"_links":{"self":[{"href":"https:\/\/thespis.fr\/index.php\/wp-json\/wp\/v2\/pages\/117","targetHints":{"allow":["GET"]}}],"collection":[{"href":"https:\/\/thespis.fr\/index.php\/wp-json\/wp\/v2\/pages"}],"about":[{"href":"https:\/\/thespis.fr\/index.php\/wp-json\/wp\/v2\/types\/page"}],"author":[{"embeddable":true,"href":"https:\/\/thespis.fr\/index.php\/wp-json\/wp\/v2\/users\/3"}],"replies":[{"embeddable":true,"href":"https:\/\/thespis.fr\/index.php\/wp-json\/wp\/v2\/comments?post=117"}],"version-history":[{"count":109,"href":"https:\/\/thespis.fr\/index.php\/wp-json\/wp\/v2\/pages\/117\/revisions"}],"predecessor-version":[{"id":2095,"href":"https:\/\/thespis.fr\/index.php\/wp-json\/wp\/v2\/pages\/117\/revisions\/2095"}],"wp:attachment":[{"href":"https:\/\/thespis.fr\/index.php\/wp-json\/wp\/v2\/media?parent=117"}],"curies":[{"name":"wp","href":"https:\/\/api.w.org\/{rel}","templated":true}]}}